{"id":2340,"date":"2021-02-11T01:46:54","date_gmt":"2021-02-11T06:46:54","guid":{"rendered":"https:\/\/icerivergreenbottleco.com\/notre-difference\/"},"modified":"2021-02-21T14:26:59","modified_gmt":"2021-02-21T19:26:59","slug":"notre-difference","status":"publish","type":"page","link":"https:\/\/icerivergreenbottleco.com\/fr\/notre-difference\/","title":{"rendered":"Notre diff\u00e9rence"},"content":{"rendered":"<p>[et_pb_section fb_built=\u00a0\u00bb1&Prime; _builder_version=\u00a0\u00bb4.4.8&Prime; background_color=\u00a0\u00bbrgba(0,0,0,0)\u00a0\u00bb custom_padding=\u00a0\u00bb0px||||false|false\u00a0\u00bb][et_pb_row column_structure=\u00a0\u00bb1_2,1_2&Prime; _builder_version=\u00a0\u00bb4.4.8&Prime; custom_margin=\u00a0\u00bb0px||||false|false\u00a0\u00bb custom_padding=\u00a0\u00bb0px||||false|false\u00a0\u00bb][et_pb_column type=\u00a0\u00bb1_2&Prime; _builder_version=\u00a0\u00bb4.4.8&Prime; custom_padding=\u00a0\u00bb||||false|false\u00a0\u00bb custom_padding_tablet=\u00a0\u00bb\u00a0\u00bb custom_padding_phone=\u00a0\u00bb|||7px|false|false\u00a0\u00bb custom_padding_last_edited=\u00a0\u00bbon|phone\u00a0\u00bb][et_pb_text _builder_version=\u00a0\u00bb4.4.8&Prime; header_text_align=\u00a0\u00bbleft\u00a0\u00bb background_layout=\u00a0\u00bbdark\u00a0\u00bb custom_margin=\u00a0\u00bb90px||||false|false\u00a0\u00bb custom_margin_tablet=\u00a0\u00bb\u00a0\u00bb custom_margin_phone=\u00a0\u00bb50px||||false|false\u00a0\u00bb custom_margin_last_edited=\u00a0\u00bbon|phone\u00a0\u00bb hover_enabled=\u00a0\u00bb0&Prime;]<\/p>\n<h1><span class=\"small-h1\">Notre diff\u00e9rence<\/span><br \/>Nous sommes <br \/>de plus en <br \/>plus verts. <\/h1>\n<p>[\/et_pb_text][et_pb_text _builder_version=\u00a0\u00bb4.4.8&Prime; header_text_align=\u00a0\u00bbleft\u00a0\u00bb custom_margin=\u00a0\u00bb180px||||false|false\u00a0\u00bb]<\/p>\n<h2>Chez Ice River Green Bottle Co., <span class=\"green-text\"> nous voyons vert\u2026 <br \/>et grand.<\/span><\/h2>\n<p>Nous sommes \u00e9cologiques, nous \u00e9voluons constamment et nous luttons pour la durabilit\u00e9. Nous innovons sans cesse afin de r\u00e9duire notre empreinte environnementale.<\/p>\n<p>C\u2019est ce qui nous a pouss\u00e9s \u00e0 cr\u00e9er notre processus de fabrication en circuit ferm\u00e9 unique, de la collecte de mat\u00e9riaux recyclables \u00e0 la fabrication de bouteilles recycl\u00e9es et \u00e0 l\u2019embouteillage d\u2019eau de source naturelle. Nos bouteilles nous reviennent pour \u00eatre recycl\u00e9es \u00e0 l\u2019infini.<\/p>\n<p>[\/et_pb_text][\/et_pb_column][et_pb_column type=\u00a0\u00bb1_2&Prime; _builder_version=\u00a0\u00bb4.4.8&Prime;][et_pb_image src=\u00a0\u00bbhttps:\/\/icerivergreenbottleco.com\/wp-content\/uploads\/2021\/01\/Green-Bottle-15L-Jug.png\u00a0\u00bb alt=\u00a0\u00bbIce River Green Bottle Co. 15L Jug of water\u00a0\u00bb title_text=\u00a0\u00bbGreen-Bottle-15L-Jug\u00a0\u00bb _builder_version=\u00a0\u00bb4.4.8&Prime; max_width=\u00a0\u00bb529px\u00a0\u00bb max_width_tablet=\u00a0\u00bb\u00a0\u00bb max_width_phone=\u00a0\u00bb250px\u00a0\u00bb max_width_last_edited=\u00a0\u00bbon|phone\u00a0\u00bb][\/et_pb_image][\/et_pb_column][\/et_pb_row][\/et_pb_section][et_pb_section fb_built=\u00a0\u00bb1&Prime; module_id=\u00a0\u00bbrrrrrrrrrrrrrrr\u00a0\u00bb _builder_version=\u00a0\u00bb4.4.8&Prime; background_color=\u00a0\u00bbrgba(0,0,0,0)\u00a0\u00bb][et_pb_row _builder_version=\u00a0\u00bb4.4.8&Prime; custom_margin=\u00a0\u00bb||40px||false|false\u00a0\u00bb][et_pb_column type=\u00a0\u00bb4_4&Prime; _builder_version=\u00a0\u00bb4.4.8&Prime;][et_pb_image src=\u00a0\u00bbhttps:\/\/icerivergreenbottleco.com\/wp-content\/uploads\/2020\/12\/wheat-field.jpg\u00a0\u00bb alt=\u00a0\u00bbSunrise over a wheat field\u00a0\u00bb title_text=\u00a0\u00bbwheat-field\u00a0\u00bb _builder_version=\u00a0\u00bb4.4.8&Prime;][\/et_pb_image][et_pb_text _builder_version=\u00a0\u00bb4.4.8&Prime; custom_margin=\u00a0\u00bb30px||||false|false\u00a0\u00bb hover_enabled=\u00a0\u00bb0&Prime;]<\/p>\n<h2>Notre objectif\u00a0: <span class=\"green-text\">aucune empreinte carbone.<\/span> <\/h2>\n<p>C\u2019est notre fa\u00e7on de faire une diff\u00e9rence.<\/p>\n<p>En 2009, nous avons pris une d\u00e9cision : fabriquer des bouteilles enti\u00e8rement recycl\u00e9es et enti\u00e8rement recyclables. Des experts en la mati\u00e8re nous ont dit que c\u2019\u00e9tait impossible. Un an plus tard, nous commencions leur fabrication. Trois ans plus tard, nous avions cr\u00e9\u00e9 la bouteille verte, r\u00e9ussissant ainsi un nouvel exploit novateur.<\/p>\n<p><strong>AUJOURD\u2019HUI, AUCUNE DE NOS USINES N\u2019ENVOIE DE D\u00c9CHETS DANS LES SITES D\u2019ENFOUISSEMENT.<\/strong><\/p>\n<p>[\/et_pb_text][et_pb_button button_url=\u00a0\u00bbhttps:\/\/icerivergreenbottleco.com\/fr\/our-bottle\/\u00a0\u00bb button_text=\u00a0\u00bbNos bouteilles font une diff\u00e9rence\u00a0\u00bb button_alignment=\u00a0\u00bbcenter\u00a0\u00bb _builder_version=\u00a0\u00bb4.4.8&Prime; custom_margin=\u00a0\u00bb||||false|false\u00a0\u00bb][\/et_pb_button][\/et_pb_column][\/et_pb_row][\/et_pb_section][et_pb_section fb_built=\u00a0\u00bb1&Prime; _builder_version=\u00a0\u00bb4.4.8&Prime; custom_margin=\u00a0\u00bb||||false|false\u00a0\u00bb custom_padding=\u00a0\u00bb||51px|||\u00a0\u00bb global_module=\u00a0\u00bb1902&Prime; saved_tabs=\u00a0\u00bball\u00a0\u00bb][et_pb_row _builder_version=\u00a0\u00bb4.4.8&Prime;][et_pb_column type=\u00a0\u00bb4_4&Prime; _builder_version=\u00a0\u00bb4.4.8&Prime;][et_pb_image src=\u00a0\u00bbhttps:\/\/icerivergreenbottleco.com\/wp-content\/uploads\/2021\/01\/cropped-favicon-1.png\u00a0\u00bb title_text=\u00a0\u00bbcropped-favicon-1.png\u00a0\u00bb align=\u00a0\u00bbcenter\u00a0\u00bb _builder_version=\u00a0\u00bb4.4.8&Prime; max_width=\u00a0\u00bb188px\u00a0\u00bb][\/et_pb_image][\/et_pb_column][\/et_pb_row][et_pb_row _builder_version=\u00a0\u00bb4.4.8&Prime; max_width=\u00a0\u00bb750px\u00a0\u00bb][et_pb_column type=\u00a0\u00bb4_4&Prime; _builder_version=\u00a0\u00bb4.4.8&Prime;][et_pb_text _builder_version=\u00a0\u00bb4.4.8&Prime; header_text_align=\u00a0\u00bbcenter\u00a0\u00bb header_3_text_align=\u00a0\u00bbcenter\u00a0\u00bb header_5_text_align=\u00a0\u00bbcenter\u00a0\u00bb]<\/p>\n<h5>Prenez part au changement. Abonnez-vous \u00e0 notre infolettre.<\/h5>\n<p>Notre gamme de produits durables et nos entreprises continuent de grandir. Inscrivez-vous pour recevoir les derni\u00e8res nouvelles concernant nos innovations par courriel. (Nous communiquerons avec vous uniquement si nous avons des nouvelles importantes. Nous n\u2019aimons pas les d\u00e9chets \u00e9lectroniques non plus.)[\/et_pb_text][et_pb_contact_form captcha=\u00a0\u00bboff\u00a0\u00bb submit_button_text=\u00a0\u00bbEnvoyer\u00a0\u00bb _builder_version=\u00a0\u00bb4.4.8&Prime;][et_pb_contact_field field_id=\u00a0\u00bbFirst-Name\u00a0\u00bb field_title=\u00a0\u00bbPr\u00e9nom\u00a0\u00bb _builder_version=\u00a0\u00bb4.4.8&Prime; button_text_size__hover_enabled=\u00a0\u00bboff\u00a0\u00bb button_one_text_size__hover_enabled=\u00a0\u00bboff\u00a0\u00bb button_two_text_size__hover_enabled=\u00a0\u00bboff\u00a0\u00bb button_text_color__hover_enabled=\u00a0\u00bboff\u00a0\u00bb button_one_text_color__hover_enabled=\u00a0\u00bboff\u00a0\u00bb button_two_text_color__hover_enabled=\u00a0\u00bboff\u00a0\u00bb button_border_width__hover_enabled=\u00a0\u00bboff\u00a0\u00bb button_one_border_width__hover_enabled=\u00a0\u00bboff\u00a0\u00bb button_two_border_width__hover_enabled=\u00a0\u00bboff\u00a0\u00bb button_border_color__hover_enabled=\u00a0\u00bboff\u00a0\u00bb button_one_border_color__hover_enabled=\u00a0\u00bboff\u00a0\u00bb button_two_border_color__hover_enabled=\u00a0\u00bboff\u00a0\u00bb button_border_radius__hover_enabled=\u00a0\u00bboff\u00a0\u00bb button_one_border_radius__hover_enabled=\u00a0\u00bboff\u00a0\u00bb button_two_border_radius__hover_enabled=\u00a0\u00bboff\u00a0\u00bb button_letter_spacing__hover_enabled=\u00a0\u00bboff\u00a0\u00bb button_one_letter_spacing__hover_enabled=\u00a0\u00bboff\u00a0\u00bb button_two_letter_spacing__hover_enabled=\u00a0\u00bboff\u00a0\u00bb button_bg_color__hover_enabled=\u00a0\u00bboff\u00a0\u00bb button_one_bg_color__hover_enabled=\u00a0\u00bboff\u00a0\u00bb button_two_bg_color__hover_enabled=\u00a0\u00bboff\u00a0\u00bb][\/et_pb_contact_field][et_pb_contact_field field_id=\u00a0\u00bbLast-Name\u00a0\u00bb field_title=\u00a0\u00bbNom de famille\u00a0\u00bb _builder_version=\u00a0\u00bb4.4.8&Prime; button_text_size__hover_enabled=\u00a0\u00bboff\u00a0\u00bb button_one_text_size__hover_enabled=\u00a0\u00bboff\u00a0\u00bb button_two_text_size__hover_enabled=\u00a0\u00bboff\u00a0\u00bb button_text_color__hover_enabled=\u00a0\u00bboff\u00a0\u00bb button_one_text_color__hover_enabled=\u00a0\u00bboff\u00a0\u00bb button_two_text_color__hover_enabled=\u00a0\u00bboff\u00a0\u00bb button_border_width__hover_enabled=\u00a0\u00bboff\u00a0\u00bb button_one_border_width__hover_enabled=\u00a0\u00bboff\u00a0\u00bb button_two_border_width__hover_enabled=\u00a0\u00bboff\u00a0\u00bb button_border_color__hover_enabled=\u00a0\u00bboff\u00a0\u00bb button_one_border_color__hover_enabled=\u00a0\u00bboff\u00a0\u00bb button_two_border_color__hover_enabled=\u00a0\u00bboff\u00a0\u00bb button_border_radius__hover_enabled=\u00a0\u00bboff\u00a0\u00bb button_one_border_radius__hover_enabled=\u00a0\u00bboff\u00a0\u00bb button_two_border_radius__hover_enabled=\u00a0\u00bboff\u00a0\u00bb button_letter_spacing__hover_enabled=\u00a0\u00bboff\u00a0\u00bb button_one_letter_spacing__hover_enabled=\u00a0\u00bboff\u00a0\u00bb button_two_letter_spacing__hover_enabled=\u00a0\u00bboff\u00a0\u00bb button_bg_color__hover_enabled=\u00a0\u00bboff\u00a0\u00bb button_one_bg_color__hover_enabled=\u00a0\u00bboff\u00a0\u00bb button_two_bg_color__hover_enabled=\u00a0\u00bboff\u00a0\u00bb][\/et_pb_contact_field][et_pb_contact_field field_id=\u00a0\u00bbEmail\u00a0\u00bb field_title=\u00a0\u00bbAdresse courriel\u00a0\u00bb field_type=\u00a0\u00bbemail\u00a0\u00bb fullwidth_field=\u00a0\u00bbon\u00a0\u00bb _builder_version=\u00a0\u00bb4.4.8&Prime; button_text_size__hover_enabled=\u00a0\u00bboff\u00a0\u00bb button_one_text_size__hover_enabled=\u00a0\u00bboff\u00a0\u00bb button_two_text_size__hover_enabled=\u00a0\u00bboff\u00a0\u00bb button_text_color__hover_enabled=\u00a0\u00bboff\u00a0\u00bb button_one_text_color__hover_enabled=\u00a0\u00bboff\u00a0\u00bb button_two_text_color__hover_enabled=\u00a0\u00bboff\u00a0\u00bb button_border_width__hover_enabled=\u00a0\u00bboff\u00a0\u00bb button_one_border_width__hover_enabled=\u00a0\u00bboff\u00a0\u00bb button_two_border_width__hover_enabled=\u00a0\u00bboff\u00a0\u00bb button_border_color__hover_enabled=\u00a0\u00bboff\u00a0\u00bb button_one_border_color__hover_enabled=\u00a0\u00bboff\u00a0\u00bb button_two_border_color__hover_enabled=\u00a0\u00bboff\u00a0\u00bb button_border_radius__hover_enabled=\u00a0\u00bboff\u00a0\u00bb button_one_border_radius__hover_enabled=\u00a0\u00bboff\u00a0\u00bb button_two_border_radius__hover_enabled=\u00a0\u00bboff\u00a0\u00bb button_letter_spacing__hover_enabled=\u00a0\u00bboff\u00a0\u00bb button_one_letter_spacing__hover_enabled=\u00a0\u00bboff\u00a0\u00bb button_two_letter_spacing__hover_enabled=\u00a0\u00bboff\u00a0\u00bb button_bg_color__hover_enabled=\u00a0\u00bboff\u00a0\u00bb button_one_bg_color__hover_enabled=\u00a0\u00bboff\u00a0\u00bb button_two_bg_color__hover_enabled=\u00a0\u00bboff\u00a0\u00bb][\/et_pb_contact_field][et_pb_contact_field field_id=\u00a0\u00bbField_4&Prime; field_title=\u00a0\u00bb \u00a0\u00bb field_type=\u00a0\u00bbcheckbox\u00a0\u00bb checkbox_options=\u00a0\u00bb%91{%22value%22:%22En nous donnant votre adresse courriel, vous acceptez de recevoir des messages \u00e9lectroniques de la part de Ice River Sustainable Solutions contenant des renseignements, des infolettres, des offres et des promotions. Vous pouvez annuler votre consentement \u00e0 tout moment en cliquant sur \u00ab\u2009Se d\u00e9sabonner\u2009\u00bb \u00e0 la fin d\u2019un courriel que nous vous avons envoy\u00e9 ou en communiquant avec nous.%22,%22checked%22:0,%22dragID%22:-1}%93&Prime; fullwidth_field=\u00a0\u00bbon\u00a0\u00bb _builder_version=\u00a0\u00bb4.4.8&Prime; custom_css_main_element=\u00a0\u00bbfont-size: 12px;\u00a0\u00bb][\/et_pb_contact_field][\/et_pb_contact_form][et_pb_text _builder_version=\u00a0\u00bb4.4.8&Prime; text_font_size=\u00a0\u00bb12px\u00a0\u00bb]<\/p>\n<p>Veuillez consulter notre\u00a0<a href=\"\/fr\/privacy-policy\/\">politique de confidentialit\u00e9<\/a>\u00a0ou communiquer avec nous \u00e0 l\u2019adresse suivante\u00a0: Ice River Sustainable Solutions 485387 30 Side Rd, Shelburne, ON L9V 3N5.<\/p>\n<p>[\/et_pb_text][\/et_pb_column][\/et_pb_row][et_pb_row column_structure=\u00a0\u00bb1_2,1_4,1_4&Prime; _builder_version=\u00a0\u00bb4.4.8&Prime; border_width_top=\u00a0\u00bb1px\u00a0\u00bb border_color_top=\u00a0\u00bb#F4F4F4&Prime; border_width_bottom=\u00a0\u00bb1px\u00a0\u00bb border_color_bottom=\u00a0\u00bb#F4F4F4&Prime;][et_pb_column type=\u00a0\u00bb1_2&Prime; _builder_version=\u00a0\u00bb4.4.8&Prime;][et_pb_text _builder_version=\u00a0\u00bb4.4.8&Prime; custom_margin=\u00a0\u00bb||10px||false|false\u00a0\u00bb]<strong>SUIVEZ-NOUS<\/strong>[\/et_pb_text][et_pb_social_media_follow _builder_version=\u00a0\u00bb4.4.8&Prime;][et_pb_social_media_follow_network social_network=\u00a0\u00bbfacebook\u00a0\u00bb url=\u00a0\u00bbhttps:\/\/www.facebook.com\/Ice-River-Green-Bottle-Co-103203388452895&Prime; _builder_version=\u00a0\u00bb4.4.8&Prime; background_color=\u00a0\u00bb#3b5998&Prime; follow_button=\u00a0\u00bboff\u00a0\u00bb url_new_window=\u00a0\u00bbon\u00a0\u00bb]facebook[\/et_pb_social_media_follow_network][et_pb_social_media_follow_network social_network=\u00a0\u00bbinstagram\u00a0\u00bb url=\u00a0\u00bbhttps:\/\/www.instagram.com\/icerivergreenbottleco\/\u00a0\u00bb _builder_version=\u00a0\u00bb4.4.8&Prime; background_color=\u00a0\u00bb#ea2c59&Prime; follow_button=\u00a0\u00bboff\u00a0\u00bb url_new_window=\u00a0\u00bbon\u00a0\u00bb]instagram[\/et_pb_social_media_follow_network][\/et_pb_social_media_follow][et_pb_text _builder_version=\u00a0\u00bb4.4.8&Prime; custom_margin=\u00a0\u00bb||10px||false|false\u00a0\u00bb]<strong>\u00c0 propos de nous<\/strong><br \/>\nIce River Green Bottle Water Co. est une entreprise familiale canadienne d\u2019eau embouteill\u00e9e regroupant des gens vraiment terre \u00e0 terre qui s\u2019engagent non seulement en faveur d\u2019une croissance durable au sein de nos collectivit\u00e9s, mais partout au pays.[\/et_pb_text][\/et_pb_column][et_pb_column type=\u00a0\u00bb1_4&Prime; _builder_version=\u00a0\u00bb4.4.8&Prime;][et_pb_text _builder_version=\u00a0\u00bb4.4.8&Prime; text_font_size=\u00a0\u00bb14px\u00a0\u00bb]<strong>PLUS D\u2019INFORMATION<br \/>\n<\/strong><\/p>\n<p><a href=\/fr\/our-bottle\/\"> NOS BOUTEILLES <\/a><br \/>\n<a href=\"\/fr\/our-water\/\">NOTRE EAU<\/a><br \/>\n<a href=\"\/fr\/notre-difference\/\"> NOTRE DIFF\u00c9RENCE <\/a><br \/>\n<a href=\"\/fr\/our-culture\/\"> NOTRE HISTOIRE <\/a><br \/>\n<a href=\"\/fr\/our-products\/\"> NOS PRODUITS<\/a><br \/>\n<a href=\"\/fr\/careers\/\">NOS OFFRES D&rsquo;EMPLOI<\/a><br \/>\n<a href=\"\/fr\/nous-joindre\/\">NOUS JOINDRE<\/a>[\/et_pb_text][\/et_pb_column][et_pb_column type=\u00a0\u00bb1_4&Prime; _builder_version=\u00a0\u00bb4.4.8&Prime;][et_pb_text _builder_version=\u00a0\u00bb4.4.8&Prime;]<strong>ICE RIVER SUSTAINABLE SOLUTIONS<\/strong><br \/>\n485387 Sideroad 30,<br \/>\nDufferin County Road 11<br \/>\nShelburne ON Canada<br \/>\nL9V 3N5<\/p>\n<p><a href=\"tel:18007647336\">1-844-SO-GREEN<\/a><br \/>\n(1-844-764-7336)[\/et_pb_text][et_pb_image src=\u00a0\u00bbhttps:\/\/irgreenbottle.wpengine.com\/\/wp-content\/uploads\/2018\/06\/logo-made-in-canada.png\u00a0\u00bb title_text=\u00a0\u00bblogo-made-in-canada\u00a0\u00bb _builder_version=\u00a0\u00bb4.4.8&Prime; max_width=\u00a0\u00bb91px\u00a0\u00bb][\/et_pb_image][\/et_pb_column][\/et_pb_row][et_pb_row _builder_version=\u00a0\u00bb4.4.8&Prime;][et_pb_column type=\u00a0\u00bb4_4&Prime; _builder_version=\u00a0\u00bb4.4.8&Prime;][et_pb_text _builder_version=\u00a0\u00bb4.4.8&Prime; text_orientation=\u00a0\u00bbcenter\u00a0\u00bb]Copyright \u00a9 2021. Ice River Sustainable Solutions. Tous droits r\u00e9serv\u00e9s.<\/p>\n<p><a href=\"\/fr\/accessibility\/\">Accessibilit\u00e9<\/a> | <a href=\"\/fr\/terms-of-use\/\">Conditions g\u00e9n\u00e9rales<\/a> | <a href=\"\/fr\/privacy-policy\/\">Politique de confidentialit\u00e9<\/a>[\/et_pb_text][\/et_pb_column][\/et_pb_row][\/et_pb_section]<\/p>\n","protected":false},"excerpt":{"rendered":"<p>[et_pb_section fb_built=\u00a0\u00bb1&Prime; _builder_version=\u00a0\u00bb4.4.8&Prime; background_color=\u00a0\u00bbrgba(0,0,0,0)\u00a0\u00bb custom_padding=\u00a0\u00bb0px||||false|false\u00a0\u00bb][et_pb_row column_structure=\u00a0\u00bb1_2,1_2&Prime; _builder_version=\u00a0\u00bb4.4.8&Prime; custom_margin=\u00a0\u00bb0px||||false|false\u00a0\u00bb custom_padding=\u00a0\u00bb0px||||false|false\u00a0\u00bb][et_pb_column type=\u00a0\u00bb1_2&Prime; _builder_version=\u00a0\u00bb4.4.8&Prime; custom_padding=\u00a0\u00bb||||false|false\u00a0\u00bb custom_padding_tablet=\u00a0\u00bb\u00a0\u00bb custom_padding_phone=\u00a0\u00bb|||7px|false|false\u00a0\u00bb custom_padding_last_edited=\u00a0\u00bbon|phone\u00a0\u00bb][et_pb_text _builder_version=\u00a0\u00bb4.4.8&Prime; header_text_align=\u00a0\u00bbleft\u00a0\u00bb background_layout=\u00a0\u00bbdark\u00a0\u00bb custom_margin=\u00a0\u00bb90px||||false|false\u00a0\u00bb custom_margin_tablet=\u00a0\u00bb\u00a0\u00bb custom_margin_phone=\u00a0\u00bb50px||||false|false\u00a0\u00bb custom_margin_last_edited=\u00a0\u00bbon|phone\u00a0\u00bb hover_enabled=\u00a0\u00bb0&Prime;] Notre diff\u00e9renceNous sommes de plus en plus verts. [\/et_pb_text][et_pb_text _builder_version=\u00a0\u00bb4.4.8&Prime; header_text_align=\u00a0\u00bbleft\u00a0\u00bb custom_margin=\u00a0\u00bb180px||||false|false\u00a0\u00bb] Chez Ice River Green Bottle Co., nous voyons vert\u2026 et grand. Nous sommes \u00e9cologiques, nous \u00e9voluons constamment et nous luttons [&hellip;]<\/p>\n","protected":false},"author":5,"featured_media":0,"parent":0,"menu_order":0,"comment_status":"closed","ping_status":"closed","template":"","meta":{"_et_pb_use_builder":"on","_et_pb_old_content":"","_et_gb_content_width":"","footnotes":""},"class_list":["post-2340","page","type-page","status-publish","hentry"],"yoast_head":"<!-- This site is optimized with the Yoast SEO plugin v16.6.1 - https:\/\/yoast.com\/wordpress\/plugins\/seo\/ -->\n<title>Notre diff\u00e9rence<\/title>\n<meta name=\"description\" content=\"We&#039;re more than just a bottled water company. We&#039;re recyclers. Environmental problem solvers. Committted to recycling 100% of our plastic.\" \/>\n<meta name=\"robots\" content=\"index, follow, max-snippet:-1, max-image-preview:large, max-video-preview:-1\" \/>\n<link rel=\"canonical\" href=\"https:\/\/icerivergreenbottleco.com\/fr\/notre-difference\/\" \/>\n<meta property=\"og:locale\" content=\"fr_FR\" \/>\n<meta property=\"og:type\" content=\"article\" \/>\n<meta property=\"og:title\" content=\"Notre diff\u00e9rence\" \/>\n<meta property=\"og:description\" content=\"We&#039;re more than just a bottled water company. We&#039;re recyclers. Environmental problem solvers. Committted to recycling 100% of our plastic.\" \/>\n<meta property=\"og:url\" content=\"https:\/\/icerivergreenbottleco.com\/fr\/notre-difference\/\" \/>\n<meta property=\"og:site_name\" content=\"Ice River Green Bottle Co.\" \/>\n<meta property=\"article:modified_time\" content=\"2021-02-21T19:26:59+00:00\" \/>\n<meta name=\"twitter:card\" content=\"summary_large_image\" \/>\n<meta name=\"twitter:label1\" content=\"Dur\u00e9e de lecture est.\" \/>\n\t<meta name=\"twitter:data1\" content=\"7 minutes\" \/>\n<!-- \/ Yoast SEO plugin. -->","_links":{"self":[{"href":"https:\/\/icerivergreenbottleco.com\/fr\/wp-json\/wp\/v2\/pages\/2340","targetHints":{"allow":["GET"]}}],"collection":[{"href":"https:\/\/icerivergreenbottleco.com\/fr\/wp-json\/wp\/v2\/pages"}],"about":[{"href":"https:\/\/icerivergreenbottleco.com\/fr\/wp-json\/wp\/v2\/types\/page"}],"author":[{"embeddable":true,"href":"https:\/\/icerivergreenbottleco.com\/fr\/wp-json\/wp\/v2\/users\/5"}],"replies":[{"embeddable":true,"href":"https:\/\/icerivergreenbottleco.com\/fr\/wp-json\/wp\/v2\/comments?post=2340"}],"version-history":[{"count":0,"href":"https:\/\/icerivergreenbottleco.com\/fr\/wp-json\/wp\/v2\/pages\/2340\/revisions"}],"wp:attachment":[{"href":"https:\/\/icerivergreenbottleco.com\/fr\/wp-json\/wp\/v2\/media?parent=2340"}],"curies":[{"name":"wp","href":"https:\/\/api.w.org\/{rel}","templated":true}]}}