{"id":2317,"date":"2021-02-10T17:31:14","date_gmt":"2021-02-10T22:31:14","guid":{"rendered":"https:\/\/icerivergreenbottleco.com\/careers\/"},"modified":"2021-02-22T09:16:10","modified_gmt":"2021-02-22T14:16:10","slug":"careers","status":"publish","type":"page","link":"https:\/\/icerivergreenbottleco.com\/fr\/careers\/","title":{"rendered":"OFFRES D\u2019EMPLOI"},"content":{"rendered":"<p>[et_pb_section fb_built=\u00a0\u00bb1&Prime; _builder_version=\u00a0\u00bb4.4.8&Prime; background_color=\u00a0\u00bbrgba(0,0,0,0)\u00a0\u00bb custom_padding=\u00a0\u00bb0px||||false|false\u00a0\u00bb][et_pb_row _builder_version=\u00a0\u00bb4.4.8&Prime; custom_margin=\u00a0\u00bb0px||||false|false\u00a0\u00bb custom_padding=\u00a0\u00bb0px||||false|false\u00a0\u00bb][et_pb_column type=\u00a0\u00bb4_4&Prime; _builder_version=\u00a0\u00bb4.4.8&Prime; custom_padding=\u00a0\u00bb||||false|false\u00a0\u00bb custom_padding_tablet=\u00a0\u00bb\u00a0\u00bb custom_padding_phone=\u00a0\u00bb|||7px|false|false\u00a0\u00bb custom_padding_last_edited=\u00a0\u00bbon|phone\u00a0\u00bb][et_pb_text _builder_version=\u00a0\u00bb4.4.8&Prime; header_text_align=\u00a0\u00bbleft\u00a0\u00bb background_layout=\u00a0\u00bbdark\u00a0\u00bb custom_margin=\u00a0\u00bb70px||||false|false\u00a0\u00bb custom_margin_tablet=\u00a0\u00bb\u00a0\u00bb custom_margin_phone=\u00a0\u00bb50px||||false|false\u00a0\u00bb custom_margin_last_edited=\u00a0\u00bbon|phone\u00a0\u00bb hover_enabled=\u00a0\u00bb0&Prime;]<\/p>\n<h1><span class=\"small-h1\"> CARRI\u00c8RES <\/span><br \/> Faites partie <br \/>de la solution.<\/h1>\n<p>[\/et_pb_text][et_pb_text _builder_version=\u00a0\u00bb4.4.8&Prime; header_text_align=\u00a0\u00bbleft\u00a0\u00bb max_width=\u00a0\u00bb600px\u00a0\u00bb custom_margin=\u00a0\u00bb240px||||false|false\u00a0\u00bb custom_margin_tablet=\u00a0\u00bb\u00a0\u00bb custom_margin_phone=\u00a0\u00bb||||false|false\u00a0\u00bb custom_margin_last_edited=\u00a0\u00bbon|phone\u00a0\u00bb hover_enabled=\u00a0\u00bb0&Prime;]<\/p>\n<h2>Notre famille de travail<br \/> est fond\u00e9e sur<br \/> des <span class=\"green-text\">principes durables.<\/span><\/h2>\n<p>Si vous souhaitez faire une diff\u00e9rence pour les g\u00e9n\u00e9rations futures et collaborer avec des gens qui partagent vos points de vue, vous pourriez trouver l\u2019emploi id\u00e9al ici. Outre le d\u00e9sir de contribuer \u00e0 b\u00e2tir un avenir plus vert, vous aurez plusieurs bonnes raisons de vous joindre \u00e0 notre \u00e9quipe. Le gouvernement consid\u00e8re Ice River Sustainable Solutions comme un service essentiel.[\/et_pb_text][\/et_pb_column][\/et_pb_row][\/et_pb_section][et_pb_section fb_built=\u00a0\u00bb1&Prime; module_id=\u00a0\u00bbrrrrrrrrrrrrrrr\u00a0\u00bb _builder_version=\u00a0\u00bb4.4.8&Prime; background_color=\u00a0\u00bbrgba(0,0,0,0)\u00a0\u00bb background_enable_image=\u00a0\u00bboff\u00a0\u00bb][et_pb_row _builder_version=\u00a0\u00bb4.4.8&Prime; max_width=\u00a0\u00bb770px\u00a0\u00bb][et_pb_column type=\u00a0\u00bb4_4&Prime; _builder_version=\u00a0\u00bb4.4.8&Prime;][et_pb_text _builder_version=\u00a0\u00bb4.4.8&Prime; hover_enabled=\u00a0\u00bb0&Prime;]<\/p>\n<h3><span class=\"black-text\">Pratiques d\u2019entreprise<\/span> responsables<\/h3>\n<p>Les employ\u00e9s de Ice River am\u00e9liorent les choses tous les jours en promouvant les pratiques responsables dont nous sommes fiers. Nous avons mis en place une politique de \u00ab\u2009lumi\u00e8res \u00e9teintes\u2009\u00bb lorsqu\u2019il n\u2019y a personne dans une pi\u00e8ce, aucun de nos \u00e9tablissements n\u2019envoie de d\u00e9chets dans les sites d\u2019enfouissement depuis 2017, et tous nos bureaux et nos usines de fabrication sont maintenant dot\u00e9s d\u2019ampoules \u00e0 haut rendement \u00e9nerg\u00e9tique.<\/p>\n<h3 class=\"black-text\">Formation<\/h3>\n<p>Plusieurs occasions d\u2019avancement professionnel sont offertes\u00a0: formation pratique, acquisition continue de nouvelles comp\u00e9tences, perfectionnement du leadership, programmes de stages et remboursement des frais de scolarit\u00e9, le tout, dans un environnement de travail \u00e9cologique et s\u00e9curitaire.<\/p>\n<h3>Avantages <span class=\"black-text\">sociaux<\/span><\/h3>\n<p>Les employ\u00e9s et leurs personnes \u00e0 charge profitent d\u2019assurances de soins de sant\u00e9, de soins dentaires et de soins de la vue, en plus d\u2019une assurance vie et d\u2019un programme d\u2019aide au personnel.<\/p>\n<h3>Reconnaissance <span class=\"black-text\">des employ\u00e9s<\/span><\/h3>\n<p>Les employ\u00e9s ont l\u2019occasion de participer aux programmes de reconnaissance officiels et informels, de prendre part \u00e0 des \u00e9v\u00e9nements communautaires, \u00e0 des activit\u00e9s d\u2019\u00e9quipes et \u00e0 des barbecues, et de faire du b\u00e9n\u00e9volat.[\/et_pb_text][\/et_pb_column][\/et_pb_row][et_pb_row _builder_version=\u00a0\u00bb4.4.8&Prime;][et_pb_column type=\u00a0\u00bb4_4&Prime; _builder_version=\u00a0\u00bb4.4.8&Prime;][et_pb_button button_url=\u00a0\u00bbhttps:\/\/emplois.ca.indeed.com\/emplois?q=Ice+River+Springs&#038;l=Ontario&#038;hl=fr\u00a0\u00bb url_new_window=\u00a0\u00bbon\u00a0\u00bb button_text=\u00a0\u00bbConsulter nos offres d\u2019emploi\u00a0\u00bb button_alignment=\u00a0\u00bbcenter\u00a0\u00bb _builder_version=\u00a0\u00bb4.4.8&Prime;][\/et_pb_button][\/et_pb_column][\/et_pb_row][\/et_pb_section][et_pb_section fb_built=\u00a0\u00bb1&Prime; _builder_version=\u00a0\u00bb4.4.8&Prime;][et_pb_row _builder_version=\u00a0\u00bb4.4.8&Prime;][et_pb_column type=\u00a0\u00bb4_4&Prime; _builder_version=\u00a0\u00bb4.4.8&Prime;][et_pb_text _builder_version=\u00a0\u00bb4.4.8&Prime; text_orientation=\u00a0\u00bbcenter\u00a0\u00bb hover_enabled=\u00a0\u00bb0&Prime;]<\/p>\n<h2>O\u00d9 SE TROUVENT NOS USINES?<\/h2>\n<p>[\/et_pb_text][et_pb_image src=\u00a0\u00bbhttps:\/\/icerivergreenbottleco.com\/wp-content\/uploads\/2021\/01\/our-plant-locations.png\u00a0\u00bb alt=\u00a0\u00bbOur Plant Locations\u00a0\u00bb title_text=\u00a0\u00bbOur Plant Locations\u00a0\u00bb _builder_version=\u00a0\u00bb4.4.8&Prime;][\/et_pb_image][et_pb_button button_url=\u00a0\u00bbhttps:\/\/iceriversustainablesolutions.com\/our-companies\/\u00a0\u00bb url_new_window=\u00a0\u00bbon\u00a0\u00bb button_text=\u00a0\u00bbEn savoir plus sur les entreprises de Ice River Sustainable Solutions\u00a0\u00bb button_alignment=\u00a0\u00bbcenter\u00a0\u00bb _builder_version=\u00a0\u00bb4.4.8&Prime; hover_enabled=\u00a0\u00bb0&Prime;][\/et_pb_button][\/et_pb_column][\/et_pb_row][\/et_pb_section][et_pb_section fb_built=\u00a0\u00bb1&Prime; _builder_version=\u00a0\u00bb4.4.8&Prime; custom_margin=\u00a0\u00bb||||false|false\u00a0\u00bb custom_padding=\u00a0\u00bb||51px|||\u00a0\u00bb global_module=\u00a0\u00bb1902&Prime; saved_tabs=\u00a0\u00bball\u00a0\u00bb][et_pb_row _builder_version=\u00a0\u00bb4.4.8&Prime;][et_pb_column type=\u00a0\u00bb4_4&Prime; _builder_version=\u00a0\u00bb4.4.8&Prime;][et_pb_image src=\u00a0\u00bbhttps:\/\/icerivergreenbottleco.com\/wp-content\/uploads\/2021\/01\/cropped-favicon-1.png\u00a0\u00bb title_text=\u00a0\u00bbcropped-favicon-1.png\u00a0\u00bb align=\u00a0\u00bbcenter\u00a0\u00bb _builder_version=\u00a0\u00bb4.4.8&Prime; max_width=\u00a0\u00bb188px\u00a0\u00bb][\/et_pb_image][\/et_pb_column][\/et_pb_row][et_pb_row _builder_version=\u00a0\u00bb4.4.8&Prime; max_width=\u00a0\u00bb750px\u00a0\u00bb][et_pb_column type=\u00a0\u00bb4_4&Prime; _builder_version=\u00a0\u00bb4.4.8&Prime;][et_pb_text _builder_version=\u00a0\u00bb4.4.8&Prime; header_text_align=\u00a0\u00bbcenter\u00a0\u00bb header_3_text_align=\u00a0\u00bbcenter\u00a0\u00bb header_5_text_align=\u00a0\u00bbcenter\u00a0\u00bb]<\/p>\n<h5>Prenez part au changement. Abonnez-vous \u00e0 notre infolettre.<\/h5>\n<p>Notre gamme de produits durables et nos entreprises continuent de grandir. Inscrivez-vous pour recevoir les derni\u00e8res nouvelles concernant nos innovations par courriel. (Nous communiquerons avec vous uniquement si nous avons des nouvelles importantes. Nous n\u2019aimons pas les d\u00e9chets \u00e9lectroniques non plus.)[\/et_pb_text][et_pb_contact_form captcha=\u00a0\u00bboff\u00a0\u00bb submit_button_text=\u00a0\u00bbEnvoyer\u00a0\u00bb _builder_version=\u00a0\u00bb4.4.8&Prime;][et_pb_contact_field field_id=\u00a0\u00bbFirst-Name\u00a0\u00bb field_title=\u00a0\u00bbPr\u00e9nom\u00a0\u00bb _builder_version=\u00a0\u00bb4.4.8&Prime; button_text_size__hover_enabled=\u00a0\u00bboff\u00a0\u00bb button_one_text_size__hover_enabled=\u00a0\u00bboff\u00a0\u00bb button_two_text_size__hover_enabled=\u00a0\u00bboff\u00a0\u00bb button_text_color__hover_enabled=\u00a0\u00bboff\u00a0\u00bb button_one_text_color__hover_enabled=\u00a0\u00bboff\u00a0\u00bb button_two_text_color__hover_enabled=\u00a0\u00bboff\u00a0\u00bb button_border_width__hover_enabled=\u00a0\u00bboff\u00a0\u00bb button_one_border_width__hover_enabled=\u00a0\u00bboff\u00a0\u00bb button_two_border_width__hover_enabled=\u00a0\u00bboff\u00a0\u00bb button_border_color__hover_enabled=\u00a0\u00bboff\u00a0\u00bb button_one_border_color__hover_enabled=\u00a0\u00bboff\u00a0\u00bb button_two_border_color__hover_enabled=\u00a0\u00bboff\u00a0\u00bb button_border_radius__hover_enabled=\u00a0\u00bboff\u00a0\u00bb button_one_border_radius__hover_enabled=\u00a0\u00bboff\u00a0\u00bb button_two_border_radius__hover_enabled=\u00a0\u00bboff\u00a0\u00bb button_letter_spacing__hover_enabled=\u00a0\u00bboff\u00a0\u00bb button_one_letter_spacing__hover_enabled=\u00a0\u00bboff\u00a0\u00bb button_two_letter_spacing__hover_enabled=\u00a0\u00bboff\u00a0\u00bb button_bg_color__hover_enabled=\u00a0\u00bboff\u00a0\u00bb button_one_bg_color__hover_enabled=\u00a0\u00bboff\u00a0\u00bb button_two_bg_color__hover_enabled=\u00a0\u00bboff\u00a0\u00bb][\/et_pb_contact_field][et_pb_contact_field field_id=\u00a0\u00bbLast-Name\u00a0\u00bb field_title=\u00a0\u00bbNom de famille\u00a0\u00bb _builder_version=\u00a0\u00bb4.4.8&Prime; button_text_size__hover_enabled=\u00a0\u00bboff\u00a0\u00bb button_one_text_size__hover_enabled=\u00a0\u00bboff\u00a0\u00bb button_two_text_size__hover_enabled=\u00a0\u00bboff\u00a0\u00bb button_text_color__hover_enabled=\u00a0\u00bboff\u00a0\u00bb button_one_text_color__hover_enabled=\u00a0\u00bboff\u00a0\u00bb button_two_text_color__hover_enabled=\u00a0\u00bboff\u00a0\u00bb button_border_width__hover_enabled=\u00a0\u00bboff\u00a0\u00bb button_one_border_width__hover_enabled=\u00a0\u00bboff\u00a0\u00bb button_two_border_width__hover_enabled=\u00a0\u00bboff\u00a0\u00bb button_border_color__hover_enabled=\u00a0\u00bboff\u00a0\u00bb button_one_border_color__hover_enabled=\u00a0\u00bboff\u00a0\u00bb button_two_border_color__hover_enabled=\u00a0\u00bboff\u00a0\u00bb button_border_radius__hover_enabled=\u00a0\u00bboff\u00a0\u00bb button_one_border_radius__hover_enabled=\u00a0\u00bboff\u00a0\u00bb button_two_border_radius__hover_enabled=\u00a0\u00bboff\u00a0\u00bb button_letter_spacing__hover_enabled=\u00a0\u00bboff\u00a0\u00bb button_one_letter_spacing__hover_enabled=\u00a0\u00bboff\u00a0\u00bb button_two_letter_spacing__hover_enabled=\u00a0\u00bboff\u00a0\u00bb button_bg_color__hover_enabled=\u00a0\u00bboff\u00a0\u00bb button_one_bg_color__hover_enabled=\u00a0\u00bboff\u00a0\u00bb button_two_bg_color__hover_enabled=\u00a0\u00bboff\u00a0\u00bb][\/et_pb_contact_field][et_pb_contact_field field_id=\u00a0\u00bbEmail\u00a0\u00bb field_title=\u00a0\u00bbAdresse courriel\u00a0\u00bb field_type=\u00a0\u00bbemail\u00a0\u00bb fullwidth_field=\u00a0\u00bbon\u00a0\u00bb _builder_version=\u00a0\u00bb4.4.8&Prime; button_text_size__hover_enabled=\u00a0\u00bboff\u00a0\u00bb button_one_text_size__hover_enabled=\u00a0\u00bboff\u00a0\u00bb button_two_text_size__hover_enabled=\u00a0\u00bboff\u00a0\u00bb button_text_color__hover_enabled=\u00a0\u00bboff\u00a0\u00bb button_one_text_color__hover_enabled=\u00a0\u00bboff\u00a0\u00bb button_two_text_color__hover_enabled=\u00a0\u00bboff\u00a0\u00bb button_border_width__hover_enabled=\u00a0\u00bboff\u00a0\u00bb button_one_border_width__hover_enabled=\u00a0\u00bboff\u00a0\u00bb button_two_border_width__hover_enabled=\u00a0\u00bboff\u00a0\u00bb button_border_color__hover_enabled=\u00a0\u00bboff\u00a0\u00bb button_one_border_color__hover_enabled=\u00a0\u00bboff\u00a0\u00bb button_two_border_color__hover_enabled=\u00a0\u00bboff\u00a0\u00bb button_border_radius__hover_enabled=\u00a0\u00bboff\u00a0\u00bb button_one_border_radius__hover_enabled=\u00a0\u00bboff\u00a0\u00bb button_two_border_radius__hover_enabled=\u00a0\u00bboff\u00a0\u00bb button_letter_spacing__hover_enabled=\u00a0\u00bboff\u00a0\u00bb button_one_letter_spacing__hover_enabled=\u00a0\u00bboff\u00a0\u00bb button_two_letter_spacing__hover_enabled=\u00a0\u00bboff\u00a0\u00bb button_bg_color__hover_enabled=\u00a0\u00bboff\u00a0\u00bb button_one_bg_color__hover_enabled=\u00a0\u00bboff\u00a0\u00bb button_two_bg_color__hover_enabled=\u00a0\u00bboff\u00a0\u00bb][\/et_pb_contact_field][et_pb_contact_field field_id=\u00a0\u00bbField_4&Prime; field_title=\u00a0\u00bb \u00a0\u00bb field_type=\u00a0\u00bbcheckbox\u00a0\u00bb checkbox_options=\u00a0\u00bb%91{%22value%22:%22En nous donnant votre adresse courriel, vous acceptez de recevoir des messages \u00e9lectroniques de la part de Ice River Sustainable Solutions contenant des renseignements, des infolettres, des offres et des promotions. Vous pouvez annuler votre consentement \u00e0 tout moment en cliquant sur \u00ab\u2009Se d\u00e9sabonner\u2009\u00bb \u00e0 la fin d\u2019un courriel que nous vous avons envoy\u00e9 ou en communiquant avec nous.%22,%22checked%22:0,%22dragID%22:-1}%93&Prime; fullwidth_field=\u00a0\u00bbon\u00a0\u00bb _builder_version=\u00a0\u00bb4.4.8&Prime; custom_css_main_element=\u00a0\u00bbfont-size: 12px;\u00a0\u00bb][\/et_pb_contact_field][\/et_pb_contact_form][et_pb_text _builder_version=\u00a0\u00bb4.4.8&Prime; text_font_size=\u00a0\u00bb12px\u00a0\u00bb]<\/p>\n<p>Veuillez consulter notre\u00a0<a href=\"\/fr\/privacy-policy\/\">politique de confidentialit\u00e9<\/a>\u00a0ou communiquer avec nous \u00e0 l\u2019adresse suivante\u00a0: Ice River Sustainable Solutions 485387 30 Side Rd, Shelburne, ON L9V 3N5.<\/p>\n<p>[\/et_pb_text][\/et_pb_column][\/et_pb_row][et_pb_row column_structure=\u00a0\u00bb1_2,1_4,1_4&Prime; _builder_version=\u00a0\u00bb4.4.8&Prime; border_width_top=\u00a0\u00bb1px\u00a0\u00bb border_color_top=\u00a0\u00bb#F4F4F4&Prime; border_width_bottom=\u00a0\u00bb1px\u00a0\u00bb border_color_bottom=\u00a0\u00bb#F4F4F4&Prime;][et_pb_column type=\u00a0\u00bb1_2&Prime; _builder_version=\u00a0\u00bb4.4.8&Prime;][et_pb_text _builder_version=\u00a0\u00bb4.4.8&Prime; custom_margin=\u00a0\u00bb||10px||false|false\u00a0\u00bb]<strong>SUIVEZ-NOUS<\/strong>[\/et_pb_text][et_pb_social_media_follow _builder_version=\u00a0\u00bb4.4.8&Prime;][et_pb_social_media_follow_network social_network=\u00a0\u00bbfacebook\u00a0\u00bb url=\u00a0\u00bbhttps:\/\/www.facebook.com\/Ice-River-Green-Bottle-Co-103203388452895&Prime; _builder_version=\u00a0\u00bb4.4.8&Prime; background_color=\u00a0\u00bb#3b5998&Prime; follow_button=\u00a0\u00bboff\u00a0\u00bb url_new_window=\u00a0\u00bbon\u00a0\u00bb]facebook[\/et_pb_social_media_follow_network][et_pb_social_media_follow_network social_network=\u00a0\u00bbinstagram\u00a0\u00bb url=\u00a0\u00bbhttps:\/\/www.instagram.com\/icerivergreenbottleco\/\u00a0\u00bb _builder_version=\u00a0\u00bb4.4.8&Prime; background_color=\u00a0\u00bb#ea2c59&Prime; follow_button=\u00a0\u00bboff\u00a0\u00bb url_new_window=\u00a0\u00bbon\u00a0\u00bb]instagram[\/et_pb_social_media_follow_network][\/et_pb_social_media_follow][et_pb_text _builder_version=\u00a0\u00bb4.4.8&Prime; custom_margin=\u00a0\u00bb||10px||false|false\u00a0\u00bb]<strong>\u00c0 propos de nous<\/strong><br \/>\nIce River Green Bottle Water Co. est une entreprise familiale canadienne d\u2019eau embouteill\u00e9e regroupant des gens vraiment terre \u00e0 terre qui s\u2019engagent non seulement en faveur d\u2019une croissance durable au sein de nos collectivit\u00e9s, mais partout au pays.[\/et_pb_text][\/et_pb_column][et_pb_column type=\u00a0\u00bb1_4&Prime; _builder_version=\u00a0\u00bb4.4.8&Prime;][et_pb_text _builder_version=\u00a0\u00bb4.4.8&Prime; text_font_size=\u00a0\u00bb14px\u00a0\u00bb hover_enabled=\u00a0\u00bb0&Prime;]<strong>PLUS D\u2019INFORMATION<br \/>\n<\/strong><\/p>\n<p><a href=\/fr\/our-bottle\/\"> NOS BOUTEILLES <\/a><br \/>\n<a href=\"\/fr\/our-water\/\">NOTRE EAU<\/a><br \/>\n<a href=\"\/fr\/notre-difference\/\"> NOTRE DIFF\u00c9RENCE <\/a><br \/>\n<a href=\"\/fr\/our-culture\/\"> NOTRE HISTOIRE <\/a><br \/>\n<a href=\"\/fr\/our-products\/\"> NOS PRODUITS<\/a><br \/>\n<a href=\"\/fr\/careers\/\">CARRI\u00c8RES<\/a><br \/>\n<a href=\"\/fr\/nous-joindre\/\">NOUS JOINDRE<\/a>[\/et_pb_text][\/et_pb_column][et_pb_column type=\u00a0\u00bb1_4&Prime; _builder_version=\u00a0\u00bb4.4.8&Prime;][et_pb_text _builder_version=\u00a0\u00bb4.4.8&Prime;]<strong>ICE RIVER SUSTAINABLE SOLUTIONS<\/strong><br \/>\n485387 Sideroad 30,<br \/>\nDufferin County Road 11<br \/>\nShelburne ON Canada<br \/>\nL9V 3N5<\/p>\n<p><a href=\"tel:18007647336\">1-844-SO-GREEN<\/a><br \/>\n(1-844-764-7336)[\/et_pb_text][et_pb_image src=\u00a0\u00bbhttps:\/\/irgreenbottle.wpengine.com\/\/wp-content\/uploads\/2018\/06\/logo-made-in-canada.png\u00a0\u00bb title_text=\u00a0\u00bblogo-made-in-canada\u00a0\u00bb _builder_version=\u00a0\u00bb4.4.8&Prime; max_width=\u00a0\u00bb91px\u00a0\u00bb][\/et_pb_image][\/et_pb_column][\/et_pb_row][et_pb_row _builder_version=\u00a0\u00bb4.4.8&Prime;][et_pb_column type=\u00a0\u00bb4_4&Prime; _builder_version=\u00a0\u00bb4.4.8&Prime;][et_pb_text _builder_version=\u00a0\u00bb4.4.8&Prime; text_orientation=\u00a0\u00bbcenter\u00a0\u00bb]Copyright \u00a9 2021. Ice River Sustainable Solutions. Tous droits r\u00e9serv\u00e9s.<\/p>\n<p><a href=\"\/fr\/accessibility\/\">Accessibilit\u00e9<\/a> | <a href=\"\/fr\/terms-of-use\/\">Conditions g\u00e9n\u00e9rales<\/a> | <a href=\"\/fr\/privacy-policy\/\">Politique de confidentialit\u00e9<\/a>[\/et_pb_text][\/et_pb_column][\/et_pb_row][\/et_pb_section]<\/p>\n","protected":false},"excerpt":{"rendered":"<p>[et_pb_section fb_built=\u00a0\u00bb1&Prime; _builder_version=\u00a0\u00bb4.4.8&Prime; background_color=\u00a0\u00bbrgba(0,0,0,0)\u00a0\u00bb custom_padding=\u00a0\u00bb0px||||false|false\u00a0\u00bb][et_pb_row _builder_version=\u00a0\u00bb4.4.8&Prime; custom_margin=\u00a0\u00bb0px||||false|false\u00a0\u00bb custom_padding=\u00a0\u00bb0px||||false|false\u00a0\u00bb][et_pb_column type=\u00a0\u00bb4_4&Prime; _builder_version=\u00a0\u00bb4.4.8&Prime; custom_padding=\u00a0\u00bb||||false|false\u00a0\u00bb custom_padding_tablet=\u00a0\u00bb\u00a0\u00bb custom_padding_phone=\u00a0\u00bb|||7px|false|false\u00a0\u00bb custom_padding_last_edited=\u00a0\u00bbon|phone\u00a0\u00bb][et_pb_text _builder_version=\u00a0\u00bb4.4.8&Prime; header_text_align=\u00a0\u00bbleft\u00a0\u00bb background_layout=\u00a0\u00bbdark\u00a0\u00bb custom_margin=\u00a0\u00bb70px||||false|false\u00a0\u00bb custom_margin_tablet=\u00a0\u00bb\u00a0\u00bb custom_margin_phone=\u00a0\u00bb50px||||false|false\u00a0\u00bb custom_margin_last_edited=\u00a0\u00bbon|phone\u00a0\u00bb hover_enabled=\u00a0\u00bb0&Prime;] CARRI\u00c8RES Faites partie de la solution. [\/et_pb_text][et_pb_text _builder_version=\u00a0\u00bb4.4.8&Prime; header_text_align=\u00a0\u00bbleft\u00a0\u00bb max_width=\u00a0\u00bb600px\u00a0\u00bb custom_margin=\u00a0\u00bb240px||||false|false\u00a0\u00bb custom_margin_tablet=\u00a0\u00bb\u00a0\u00bb custom_margin_phone=\u00a0\u00bb||||false|false\u00a0\u00bb custom_margin_last_edited=\u00a0\u00bbon|phone\u00a0\u00bb hover_enabled=\u00a0\u00bb0&Prime;] Notre famille de travail est fond\u00e9e sur des principes durables. Si vous souhaitez faire une diff\u00e9rence pour les [&hellip;]<\/p>\n","protected":false},"author":5,"featured_media":0,"parent":0,"menu_order":0,"comment_status":"closed","ping_status":"closed","template":"","meta":{"_et_pb_use_builder":"on","_et_pb_old_content":"","_et_gb_content_width":"","footnotes":""},"class_list":["post-2317","page","type-page","status-publish","hentry"],"yoast_head":"<!-- This site is optimized with the Yoast SEO plugin v16.6.1 - https:\/\/yoast.com\/wordpress\/plugins\/seo\/ -->\n<title>Ice River Green Bottle Co. - Bottled water and so much more.<\/title>\n<meta name=\"description\" content=\"We&#039;re more than just a bottled water company. We&#039;re recyclers. Environmental problem solvers. Committted to recycling 100% of our plastic.\" \/>\n<meta name=\"robots\" content=\"index, follow, max-snippet:-1, max-image-preview:large, max-video-preview:-1\" \/>\n<link rel=\"canonical\" href=\"https:\/\/icerivergreenbottleco.com\/fr\/careers\/\" \/>\n<meta property=\"og:locale\" content=\"fr_FR\" \/>\n<meta property=\"og:type\" content=\"article\" \/>\n<meta property=\"og:title\" content=\"Ice River Green Bottle Co. - Bottled water and so much more.\" \/>\n<meta property=\"og:description\" content=\"We&#039;re more than just a bottled water company. We&#039;re recyclers. Environmental problem solvers. Committted to recycling 100% of our plastic.\" \/>\n<meta property=\"og:url\" content=\"https:\/\/icerivergreenbottleco.com\/fr\/careers\/\" \/>\n<meta property=\"og:site_name\" content=\"Ice River Green Bottle Co.\" \/>\n<meta property=\"article:modified_time\" content=\"2021-02-22T14:16:10+00:00\" \/>\n<meta name=\"twitter:card\" content=\"summary_large_image\" \/>\n<meta name=\"twitter:label1\" content=\"Dur\u00e9e de lecture est.\" \/>\n\t<meta name=\"twitter:data1\" content=\"8 minutes\" \/>\n<!-- \/ Yoast SEO plugin. -->","_links":{"self":[{"href":"https:\/\/icerivergreenbottleco.com\/fr\/wp-json\/wp\/v2\/pages\/2317","targetHints":{"allow":["GET"]}}],"collection":[{"href":"https:\/\/icerivergreenbottleco.com\/fr\/wp-json\/wp\/v2\/pages"}],"about":[{"href":"https:\/\/icerivergreenbottleco.com\/fr\/wp-json\/wp\/v2\/types\/page"}],"author":[{"embeddable":true,"href":"https:\/\/icerivergreenbottleco.com\/fr\/wp-json\/wp\/v2\/users\/5"}],"replies":[{"embeddable":true,"href":"https:\/\/icerivergreenbottleco.com\/fr\/wp-json\/wp\/v2\/comments?post=2317"}],"version-history":[{"count":0,"href":"https:\/\/icerivergreenbottleco.com\/fr\/wp-json\/wp\/v2\/pages\/2317\/revisions"}],"wp:attachment":[{"href":"https:\/\/icerivergreenbottleco.com\/fr\/wp-json\/wp\/v2\/media?parent=2317"}],"curies":[{"name":"wp","href":"https:\/\/api.w.org\/{rel}","templated":true}]}}